{"id":38,"date":"2025-03-03T10:01:47","date_gmt":"2025-03-03T09:01:47","guid":{"rendered":"https:\/\/taxis-cancale.com\/?page_id=38"},"modified":"2025-04-13T17:34:54","modified_gmt":"2025-04-13T15:34:54","slug":"acceuil","status":"publish","type":"page","link":"https:\/\/taxis-cancale.com\/","title":{"rendered":"accueil"},"content":{"rendered":"\n<div class=\"wp-block-cover alignfull is-light\" style=\"padding-top:17%;padding-bottom:3rem\"><span aria-hidden=\"true\" class=\"wp-block-cover__background has-background-dim-0 has-background-dim\" style=\"background-color:#9aacbc\"><\/span><img loading=\"lazy\" decoding=\"async\" width=\"1944\" height=\"1296\" class=\"wp-block-cover__image-background wp-image-14\" alt=\"\" src=\"http:\/\/taxis-cancale.com\/wp-content\/uploads\/2025\/03\/Photo-4015bis.jpg\" data-object-fit=\"cover\" srcset=\"https:\/\/taxis-cancale.com\/wp-content\/uploads\/2025\/03\/Photo-4015bis.jpg 1944w, https:\/\/taxis-cancale.com\/wp-content\/uploads\/2025\/03\/Photo-4015bis-300x200.jpg 300w, https:\/\/taxis-cancale.com\/wp-content\/uploads\/2025\/03\/Photo-4015bis-1024x683.jpg 1024w, https:\/\/taxis-cancale.com\/wp-content\/uploads\/2025\/03\/Photo-4015bis-768x512.jpg 768w, https:\/\/taxis-cancale.com\/wp-content\/uploads\/2025\/03\/Photo-4015bis-1536x1024.jpg 1536w\" sizes=\"auto, (max-width: 1944px) 100vw, 1944px\" \/><div class=\"wp-block-cover__inner-container has-global-padding is-layout-constrained wp-container-core-cover-is-layout-29287ccd wp-block-cover-is-layout-constrained\">\n<div class=\"wp-block-group alignwide is-vertical is-content-justification-left is-layout-flex wp-container-core-group-is-layout-b21d21b4 wp-block-group-is-layout-flex\" style=\"min-height:520px\">\n<div class=\"wp-block-group has-global-padding is-layout-constrained wp-container-core-group-is-layout-92ef7b19 wp-block-group-is-layout-constrained\">\n<h2 class=\"wp-block-heading has-text-align-center has-text-color\" style=\"color:#fffffd;margin-bottom:1.01rem;font-size:clamp(2.422rem, 2.422rem + ((1vw - 0.2rem) * 3.796), 4.51rem);font-style:normal;font-weight:500;line-height:1.2\"><strong><em>Votre service de taxi   <\/em><\/strong><\/h2>\n\n\n\n<p class=\"has-text-align-center has-x-large-font-size\"><strong><em><a href=\"tel:0615193155\">06 15 19 31 55<\/a><\/em><\/strong> <\/p>\n\n\n\n<p class=\"has-text-align-center has-large-font-size\">entre Cancale et Saint-Malo<\/p>\n\n\n\n<p class=\"has-text-align-center\"><\/p>\n\n\n\n<p class=\"has-text-align-left has-text-color\" style=\"color:#fffffd;margin-top:0;margin-bottom:0;padding-top:0;padding-right:0;padding-bottom:0;padding-left:0;font-size:clamp(0.935rem, 0.935rem + ((1vw - 0.2rem) * 0.864), 1.41rem);font-style:normal;font-weight:400;line-height:1.3\">Depuis plus de 20 ans, nous sommes votre chauffeur , vous permettant de d\u00e9couvrir la beaut\u00e9 de Cancale et de Saint-Malo et toute la r\u00e9gion du Mont-Saint-Michel !<\/p>\n\n\n\n<div class=\"wp-block-group is-vertical is-content-justification-stretch is-layout-flex wp-container-core-group-is-layout-53ad70e0 wp-block-group-is-layout-flex\" style=\"margin-top:1.61rem;padding-right:0px;padding-left:0px\">\n<div class=\"wp-block-group has-global-padding is-content-justification-left is-layout-constrained wp-container-core-group-is-layout-a938e025 wp-block-group-is-layout-constrained\" style=\"margin-top:0px\">\n<div class=\"wp-block-buttons is-horizontal is-content-justification-center is-layout-flex wp-container-core-buttons-is-layout-a300a970 wp-block-buttons-is-layout-flex\" style=\"margin-top:0.51rem\">\n<div class=\"wp-block-button has-custom-width wp-block-button__width-100 has-custom-font-size is-style-fill\" style=\"font-size:clamp(0.875rem, 0.875rem + ((1vw - 0.2rem) * 0.245), 1.01rem);font-style:normal;font-weight:600;line-height:1.5;text-transform:capitalize\"><a class=\"wp-block-button__link has-text-color has-background wp-element-button\" href=\"https:\/\/taxis-cancale.com\/index.php\/contact\/\" style=\"border-style:none;border-width:0px;border-radius:0rem;color:#fffffd;background-color:#e27013;padding-top:0.71rem;padding-right:0.31rem;padding-bottom:0.71rem;padding-left:0.31rem\">R\u00e9servez maintenant<\/a><\/div>\n<\/div>\n<\/div>\n<\/div>\n<\/div>\n\n\n\n<details class=\"wp-block-details is-layout-flow wp-block-details-is-layout-flow\"><summary><\/summary>\n<p><\/p>\n<\/details>\n<\/div>\n<\/div><\/div>\n\n\n\n<section class=\"wp-block-group alignfull has-global-padding is-layout-constrained wp-container-core-group-is-layout-05455e64 wp-block-group-is-layout-constrained\" style=\"margin-top:0px;padding-top:6rem;padding-right:1rem;padding-bottom:4.5rem;padding-left:1rem;font-size:clamp(0.875rem, 0.875rem + ((1vw - 0.2rem) * 0.464), 1.13rem);font-style:normal;font-weight:400;line-height:1.4\">\n<div class=\"wp-block-columns is-layout-flex wp-container-core-columns-is-layout-2e7296b4 wp-block-columns-is-layout-flex\" style=\"margin-bottom:0px\">\n<div class=\"wp-block-column is-vertically-aligned-center is-layout-flow wp-block-column-is-layout-flow\" style=\"padding-right:1rem;padding-left:1rem;flex-basis:35%\">\n<figure class=\"wp-block-image aligncenter size-full is-resized\"><img decoding=\"async\" src=\"https:\/\/tyler.com\/wp-content\/uploads\/2023\/11\/surf-item.jpg\" alt=\"\" class=\"wp-image-753\" style=\"width:350px\"\/><\/figure>\n<\/div>\n\n\n\n<div class=\"wp-block-column has-global-padding is-layout-constrained wp-container-core-column-is-layout-b4ec969c wp-block-column-is-layout-constrained\" style=\"padding-top:2.01rem\">\n<div class=\"wp-block-group has-global-padding is-layout-constrained wp-container-core-group-is-layout-dca71664 wp-block-group-is-layout-constrained\" style=\"min-height:100%\">\n<h3 class=\"wp-block-heading has-text-align-center has-text-color\" style=\"color:#010101;margin-top:0.5rem;margin-bottom:0rem;font-size:clamp(1.556rem, 1.556rem + ((1vw - 0.2rem) * 1.916), 2.61rem);font-style:normal;font-weight:500;letter-spacing:0px;line-height:1.3\">Notre parcours : 20 ans de service de taxi <\/h3>\n\n\n\n<p>Depuis plus de 20 ans, nous sommes le c\u0153ur du transport \u00e0 Cancale et \u00e0 Saint-Malo. Notre histoire a commenc\u00e9 avec un objectif simple : fournir des services de taxi s\u00fbrs, amicaux et efficaces  \u00e0 nos visiteurs. Nous sommes fiers de conna\u00eetre parfaitement ces belles villes c\u00f4ti\u00e8res et de nous assurer que vous atteignez facilement votre destination. Notre \u00e9quipe se consacre \u00e0 rendre votre voyage agr\u00e9able, que vous alliez \u00e0 la plage, au restaurant ou au march\u00e9 local. Avec nous, vous n&rsquo;\u00eates pas seulement un passager, vous faites partie de notre famille !<\/p>\n\n\n\n<p class=\"has-text-align-center has-text-color\" style=\"color:#010101;margin-top:0rem;font-size:clamp(0.875rem, 0.875rem + ((1vw - 0.2rem) * 0.245), 1.01rem);font-style:normal;font-weight:400;line-height:1.5\"><\/p>\n\n\n\n<div class=\"wp-block-group is-vertical is-content-justification-stretch is-layout-flex wp-container-core-group-is-layout-53ad70e0 wp-block-group-is-layout-flex\" style=\"margin-top:1.61rem;padding-right:0px;padding-left:0px\">\n<div class=\"wp-block-group has-global-padding is-content-justification-center is-layout-constrained wp-container-core-group-is-layout-2f0bcb29 wp-block-group-is-layout-constrained\" style=\"margin-top:0px\">\n<div class=\"wp-block-buttons is-horizontal is-content-justification-right is-layout-flex wp-container-core-buttons-is-layout-099266fd wp-block-buttons-is-layout-flex\" style=\"margin-top:0.51rem\">\n<div class=\"wp-block-button has-custom-width wp-block-button__width-100 has-custom-font-size is-style-fill\" style=\"font-size:clamp(0.875rem, 0.875rem + ((1vw - 0.2rem) * 0.245), 1.01rem);font-style:normal;font-weight:600;line-height:1.5;text-transform:uppercase\"><a class=\"wp-block-button__link has-text-color has-background wp-element-button\" href=\"https:\/\/taxis-cancale.com\/index.php\/contact\/\" style=\"border-style:none;border-width:0px;border-radius:0rem;color:#fffffd;background-color:#e27013;padding-top:0.71rem;padding-right:0.31rem;padding-bottom:0.71rem;padding-left:0.31rem\">rejoingnez nous<\/a><\/div>\n<\/div>\n<\/div>\n<\/div>\n<\/div>\n<\/div>\n<\/div>\n<\/section>\n\n\n\n<div class=\"wp-block-cover alignfull is-light\" style=\"padding-top:3.51rem;padding-right:0px;padding-bottom:2.01rem;padding-left:0px\"><span aria-hidden=\"true\" class=\"wp-block-cover__background has-background-dim-100 has-background-dim\" style=\"background-color:#fff3ea\"><\/span><div class=\"wp-block-cover__inner-container is-layout-flow wp-block-cover-is-layout-flow\">\n<div class=\"wp-block-group alignfull is-layout-flow wp-block-group-is-layout-flow\" style=\"margin-top:0px;margin-bottom:0px;padding-top:0rem;padding-right:1px;padding-bottom:2.01rem;padding-left:1px\">\n<div class=\"wp-block-columns alignfull is-layout-flex wp-container-core-columns-is-layout-35290b6f wp-block-columns-is-layout-flex\" style=\"padding-top:0rem\">\n<div class=\"wp-block-column is-layout-flow wp-block-column-is-layout-flow\" style=\"padding-top:1rem;padding-right:0rem;padding-bottom:1rem;padding-left:0rem\">\n<div class=\"wp-block-cover is-light\" style=\"padding-right:0.51rem;padding-left:0.51rem;min-height:390px;aspect-ratio:unset;\"><span aria-hidden=\"true\" class=\"wp-block-cover__background has-background-dim-0 has-background-dim\" style=\"background-color:#968b5d\"><\/span><img loading=\"lazy\" decoding=\"async\" width=\"2560\" height=\"1920\" class=\"wp-block-cover__image-background wp-image-89\" alt=\"\" src=\"http:\/\/taxis-cancale.com\/wp-content\/uploads\/2025\/03\/IMG_4069-scaled.jpg\" data-object-fit=\"cover\" srcset=\"https:\/\/taxis-cancale.com\/wp-content\/uploads\/2025\/03\/IMG_4069-scaled.jpg 2560w, https:\/\/taxis-cancale.com\/wp-content\/uploads\/2025\/03\/IMG_4069-300x225.jpg 300w, https:\/\/taxis-cancale.com\/wp-content\/uploads\/2025\/03\/IMG_4069-1024x768.jpg 1024w, https:\/\/taxis-cancale.com\/wp-content\/uploads\/2025\/03\/IMG_4069-768x576.jpg 768w, https:\/\/taxis-cancale.com\/wp-content\/uploads\/2025\/03\/IMG_4069-1536x1152.jpg 1536w, https:\/\/taxis-cancale.com\/wp-content\/uploads\/2025\/03\/IMG_4069-2048x1536.jpg 2048w\" sizes=\"auto, (max-width: 2560px) 100vw, 2560px\" \/><div class=\"wp-block-cover__inner-container has-global-padding is-layout-constrained wp-container-core-cover-is-layout-1a3bd245 wp-block-cover-is-layout-constrained\">\n<h3 class=\"wp-block-heading has-text-align-center has-text-color\" style=\"color:#fffffd;font-size:clamp(1.507rem, 1.507rem + ((1vw - 0.2rem) * 1.824), 2.51rem);\">Randonn\u00e9es GR34<\/h3>\n\n\n\n<p>4<\/p>\n<\/div><\/div>\n<\/div>\n\n\n\n<div class=\"wp-block-column is-layout-flow wp-block-column-is-layout-flow\" style=\"padding-top:1rem;padding-right:0rem;padding-bottom:1rem;padding-left:0rem\">\n<div class=\"wp-block-cover\" style=\"padding-right:0.51rem;padding-left:0.51rem;min-height:390px;aspect-ratio:unset;\"><span aria-hidden=\"true\" class=\"wp-block-cover__background has-background-dim-0 has-background-dim\" style=\"background-color:#586f7e\"><\/span><img loading=\"lazy\" decoding=\"async\" width=\"2560\" height=\"1920\" class=\"wp-block-cover__image-background wp-image-8\" alt=\"\" src=\"http:\/\/taxis-cancale.com\/wp-content\/uploads\/2025\/03\/unnamed-1-scaled.jpg\" data-object-fit=\"cover\" srcset=\"https:\/\/taxis-cancale.com\/wp-content\/uploads\/2025\/03\/unnamed-1-scaled.jpg 2560w, https:\/\/taxis-cancale.com\/wp-content\/uploads\/2025\/03\/unnamed-1-300x225.jpg 300w, https:\/\/taxis-cancale.com\/wp-content\/uploads\/2025\/03\/unnamed-1-1024x768.jpg 1024w, https:\/\/taxis-cancale.com\/wp-content\/uploads\/2025\/03\/unnamed-1-768x576.jpg 768w, https:\/\/taxis-cancale.com\/wp-content\/uploads\/2025\/03\/unnamed-1-1536x1152.jpg 1536w, https:\/\/taxis-cancale.com\/wp-content\/uploads\/2025\/03\/unnamed-1-2048x1536.jpg 2048w\" sizes=\"auto, (max-width: 2560px) 100vw, 2560px\" \/><div class=\"wp-block-cover__inner-container has-global-padding is-layout-constrained wp-container-core-cover-is-layout-1a3bd245 wp-block-cover-is-layout-constrained\">\n<h3 class=\"wp-block-heading has-text-align-center has-text-color\" style=\"color:#fffffd;font-size:clamp(1.507rem, 1.507rem + ((1vw - 0.2rem) * 1.824), 2.51rem);\">Transferts A\u00e9roports<\/h3>\n<\/div><\/div>\n<\/div>\n\n\n\n<div class=\"wp-block-column is-layout-flow wp-block-column-is-layout-flow\" style=\"padding-top:1rem;padding-right:0rem;padding-bottom:1rem;padding-left:0rem\">\n<div class=\"wp-block-cover\" style=\"padding-right:0.51rem;padding-left:0.51rem;min-height:390px;aspect-ratio:unset;\"><span aria-hidden=\"true\" class=\"wp-block-cover__background has-background-dim-0 has-background-dim\" style=\"background-color:#646563\"><\/span><img loading=\"lazy\" decoding=\"async\" width=\"2560\" height=\"1920\" class=\"wp-block-cover__image-background wp-image-11\" alt=\"\" src=\"http:\/\/taxis-cancale.com\/wp-content\/uploads\/2025\/03\/IMG_20180705_110054-scaled.jpg\" data-object-fit=\"cover\" srcset=\"https:\/\/taxis-cancale.com\/wp-content\/uploads\/2025\/03\/IMG_20180705_110054-scaled.jpg 2560w, https:\/\/taxis-cancale.com\/wp-content\/uploads\/2025\/03\/IMG_20180705_110054-300x225.jpg 300w, https:\/\/taxis-cancale.com\/wp-content\/uploads\/2025\/03\/IMG_20180705_110054-1024x768.jpg 1024w, https:\/\/taxis-cancale.com\/wp-content\/uploads\/2025\/03\/IMG_20180705_110054-768x576.jpg 768w, https:\/\/taxis-cancale.com\/wp-content\/uploads\/2025\/03\/IMG_20180705_110054-1536x1152.jpg 1536w, https:\/\/taxis-cancale.com\/wp-content\/uploads\/2025\/03\/IMG_20180705_110054-2048x1536.jpg 2048w\" sizes=\"auto, (max-width: 2560px) 100vw, 2560px\" \/><div class=\"wp-block-cover__inner-container has-global-padding is-layout-constrained wp-container-core-cover-is-layout-1a3bd245 wp-block-cover-is-layout-constrained\">\n<h3 class=\"wp-block-heading has-text-align-center has-text-color\" style=\"color:#fffffd;font-size:clamp(1.507rem, 1.507rem + ((1vw - 0.2rem) * 1.824), 2.51rem);\">Excursions touristiques<\/h3>\n<\/div><\/div>\n<\/div>\n\n\n\n<div class=\"wp-block-column is-layout-flow wp-block-column-is-layout-flow\" style=\"padding-top:1rem;padding-right:0rem;padding-bottom:1rem;padding-left:0rem\">\n<div class=\"wp-block-cover is-light\" style=\"padding-right:0.51rem;padding-left:0.51rem;min-height:390px;aspect-ratio:unset;\"><span aria-hidden=\"true\" class=\"wp-block-cover__background has-background-dim-0 has-background-dim\" style=\"background-color:#e4e9f1\"><\/span><img loading=\"lazy\" decoding=\"async\" width=\"200\" height=\"195\" class=\"wp-block-cover__image-background wp-image-15\" alt=\"\" src=\"http:\/\/taxis-cancale.com\/wp-content\/uploads\/2025\/03\/081024_logo_V2.jpg\" data-object-fit=\"cover\"\/><div class=\"wp-block-cover__inner-container has-global-padding is-layout-constrained wp-container-core-cover-is-layout-1a3bd245 wp-block-cover-is-layout-constrained\">\n<h3 class=\"wp-block-heading has-text-align-center has-text-color\" style=\"color:#fffffd;font-size:clamp(1.507rem, 1.507rem + ((1vw - 0.2rem) * 1.824), 2.51rem);\">Transports m\u00e9dicaux<\/h3>\n<\/div><\/div>\n<\/div>\n<\/div>\n<\/div>\n<\/div><\/div>\n\n\n\n<div class=\"wp-block-cover alignfull is-light\"><span aria-hidden=\"true\" class=\"wp-block-cover__background has-background-dim-0 has-background-dim\"><\/span><img decoding=\"async\" class=\"wp-block-cover__image-background wp-image-764\" alt=\"\" src=\"https:\/\/tyler.com\/wp-content\/uploads\/2023\/11\/surf-banner1.jpg\" data-object-fit=\"cover\"\/><div class=\"wp-block-cover__inner-container has-global-padding is-layout-constrained wp-block-cover-is-layout-constrained\">\n<section class=\"wp-block-group alignfull has-global-padding is-layout-constrained wp-container-core-group-is-layout-cfb15881 wp-block-group-is-layout-constrained\" style=\"margin-top:0px;padding-top:4.01rem;padding-right:1rem;padding-bottom:5.01rem;padding-left:1rem;font-size:clamp(0.875rem, 0.875rem + ((1vw - 0.2rem) * 0.464), 1.13rem);font-style:normal;font-weight:400;line-height:1.4\">\n<div class=\"wp-block-columns is-layout-flex wp-container-core-columns-is-layout-a86bf794 wp-block-columns-is-layout-flex\" style=\"margin-bottom:0px\">\n<div class=\"wp-block-column has-global-padding is-layout-constrained wp-container-core-column-is-layout-b4ec969c wp-block-column-is-layout-constrained\" style=\"padding-top:2.01rem\">\n<div class=\"wp-block-group has-global-padding is-layout-constrained wp-container-core-group-is-layout-dca71664 wp-block-group-is-layout-constrained\" style=\"min-height:100%\">\n<h3 class=\"wp-block-heading has-text-align-center has-text-color\" style=\"color:#fffffd;margin-top:0.5rem;margin-bottom:0rem;font-size:clamp(1.556rem, 1.556rem + ((1vw - 0.2rem) * 1.916), 2.61rem);font-style:normal;font-weight:500;letter-spacing:0px;line-height:1.3\">Comment nous accompagnons votre voyage avec soin et confiance<\/h3>\n\n\n\n<p class=\"has-text-align-center has-text-color\" style=\"color:#fffffd;margin-top:0rem;font-size:clamp(0.875rem, 0.875rem + ((1vw - 0.2rem) * 0.245), 1.01rem);font-style:normal;font-weight:400;line-height:1.5\">Dans notre service de taxis, votre confort et votre s\u00e9curit\u00e9 sont nos principales priorit\u00e9s. Nous vous proposons des chauffeurs sympathiques, et nous nous engageons \u00e0 rendre vos d\u00e9placements agr\u00e9ables. Faites-nous confiance pour vous emmener l\u00e0 o\u00f9 vous devez aller avec soin !<\/p>\n\n\n\n<div class=\"wp-block-group is-vertical is-content-justification-stretch is-layout-flex wp-container-core-group-is-layout-53ad70e0 wp-block-group-is-layout-flex\" style=\"margin-top:1.61rem;padding-right:0px;padding-left:0px\">\n<div class=\"wp-block-group has-global-padding is-content-justification-center is-layout-constrained wp-container-core-group-is-layout-2f0bcb29 wp-block-group-is-layout-constrained\" style=\"margin-top:0px\">\n<div class=\"wp-block-buttons is-horizontal is-content-justification-right is-layout-flex wp-container-core-buttons-is-layout-099266fd wp-block-buttons-is-layout-flex\" style=\"margin-top:0.51rem\">\n<div class=\"wp-block-button has-custom-width wp-block-button__width-100 has-custom-font-size is-style-fill\" style=\"font-size:clamp(0.875rem, 0.875rem + ((1vw - 0.2rem) * 0.245), 1.01rem);font-style:normal;font-weight:600;line-height:1.5;text-transform:uppercase\"><a class=\"wp-block-button__link has-text-color has-background wp-element-button\" href=\"https:\/\/taxis-cancale.com\/index.php\/contact\/\" style=\"border-style:none;border-width:0px;border-radius:0rem;color:#e27013;background-color:#fffffd;padding-top:0.71rem;padding-right:0.31rem;padding-bottom:0.71rem;padding-left:0.31rem\">contactez nous<\/a><\/div>\n<\/div>\n<\/div>\n<\/div>\n<\/div>\n<\/div>\n\n\n\n<div class=\"wp-block-column is-vertically-aligned-center is-layout-flow wp-block-column-is-layout-flow\" style=\"padding-right:1rem;padding-left:1rem;flex-basis:40%\">\n<figure class=\"wp-block-image aligncenter size-full is-resized\"><img decoding=\"async\" src=\"https:\/\/tyler.com\/wp-content\/uploads\/2023\/11\/surf-item11.jpg\" alt=\"\" class=\"wp-image-765\" style=\"width:450px\"\/><\/figure>\n<\/div>\n<\/div>\n<\/section>\n<\/div><\/div>\n","protected":false},"excerpt":{"rendered":"<p>Notre parcours : 20 ans de service de taxi Depuis plus de 20 ans, nous sommes le c\u0153ur du transport \u00e0 Cancale et \u00e0 Saint-Malo. Notre histoire a commenc\u00e9 avec un objectif simple : fournir des services de taxi s\u00fbrs, amicaux et efficaces \u00e0 nos visiteurs. Nous sommes fiers de conna\u00eetre parfaitement ces belles villes [&hellip;]<\/p>\n","protected":false},"author":1,"featured_media":0,"parent":0,"menu_order":0,"comment_status":"closed","ping_status":"closed","template":"","meta":{"footnotes":""},"class_list":["post-38","page","type-page","status-publish","hentry"],"_links":{"self":[{"href":"https:\/\/taxis-cancale.com\/index.php\/wp-json\/wp\/v2\/pages\/38","targetHints":{"allow":["GET"]}}],"collection":[{"href":"https:\/\/taxis-cancale.com\/index.php\/wp-json\/wp\/v2\/pages"}],"about":[{"href":"https:\/\/taxis-cancale.com\/index.php\/wp-json\/wp\/v2\/types\/page"}],"author":[{"embeddable":true,"href":"https:\/\/taxis-cancale.com\/index.php\/wp-json\/wp\/v2\/users\/1"}],"replies":[{"embeddable":true,"href":"https:\/\/taxis-cancale.com\/index.php\/wp-json\/wp\/v2\/comments?post=38"}],"version-history":[{"count":24,"href":"https:\/\/taxis-cancale.com\/index.php\/wp-json\/wp\/v2\/pages\/38\/revisions"}],"predecessor-version":[{"id":114,"href":"https:\/\/taxis-cancale.com\/index.php\/wp-json\/wp\/v2\/pages\/38\/revisions\/114"}],"wp:attachment":[{"href":"https:\/\/taxis-cancale.com\/index.php\/wp-json\/wp\/v2\/media?parent=38"}],"curies":[{"name":"wp","href":"https:\/\/api.w.org\/{rel}","templated":true}]}}